{"id":32,"date":"2024-12-09T16:34:40","date_gmt":"2024-12-09T16:34:40","guid":{"rendered":"https:\/\/aakenapu.fi\/?page_id=32"},"modified":"2025-01-08T18:52:08","modified_gmt":"2025-01-08T18:52:08","slug":"aaken-apu-oy","status":"publish","type":"page","link":"https:\/\/aakenapu.fi\/","title":{"rendered":"Etusivu"},"content":{"rendered":"\n<div class=\"wp-block-group alignfull is-style-default has-base-background-color has-background has-global-padding is-content-justification-center is-layout-constrained wp-container-core-group-is-layout-8de082c1 wp-block-group-is-layout-constrained\" style=\"margin-top:0;margin-bottom:0;padding-top:var(--wp--preset--spacing--60);padding-bottom:var(--wp--preset--spacing--60)\">\n<div class=\"wp-block-group alignwide has-background has-global-padding is-content-justification-center is-layout-constrained wp-container-core-group-is-layout-984b3128 wp-block-group-is-layout-constrained\" style=\"background-color:#163253\">\n<figure class=\"wp-block-image aligncenter size-large is-resized wp-duotone-unset-1\" style=\"margin-top:0;margin-right:0;margin-bottom:0;margin-left:0\"><img loading=\"lazy\" decoding=\"async\" width=\"1024\" height=\"925\" src=\"https:\/\/aakenapu.fi\/wp-content\/uploads\/2025\/01\/keltainen_aakenapu-1024x925.png\" alt=\"\" class=\"wp-image-95\" style=\"width:216px;height:auto\" srcset=\"https:\/\/aakenapu.fi\/wp-content\/uploads\/2025\/01\/keltainen_aakenapu-1024x925.png 1024w, https:\/\/aakenapu.fi\/wp-content\/uploads\/2025\/01\/keltainen_aakenapu-300x271.png 300w, https:\/\/aakenapu.fi\/wp-content\/uploads\/2025\/01\/keltainen_aakenapu-768x694.png 768w, https:\/\/aakenapu.fi\/wp-content\/uploads\/2025\/01\/keltainen_aakenapu-1536x1387.png 1536w, https:\/\/aakenapu.fi\/wp-content\/uploads\/2025\/01\/keltainen_aakenapu.png 2026w\" sizes=\"auto, (max-width: 1024px) 100vw, 1024px\" \/><\/figure>\n\n\n\n<p class=\"has-text-align-center is-style-default has-base-color has-text-color has-link-color wp-elements-1a8ad4daf453c2e24600acc41c4dbeab\" style=\"padding-top:0;padding-right:var(--wp--preset--spacing--30);padding-bottom:0;padding-left:var(--wp--preset--spacing--30);font-size:clamp(1.403rem, 1.403rem + ((1vw - 0.2rem) * 1.407), 2.3rem);font-style:normal;font-weight:100;line-height:1.2\"><strong>Kanssani tied\u00e4t, <\/strong><strong>ett\u00e4 asiat <\/strong><strong>tehd\u00e4\u00e4n oikein.<\/strong><\/p>\n\n\n\n<p class=\"has-text-align-center has-text-color has-link-color has-small-font-size wp-elements-5eda3eca98d4ade5501b8bb09e90be8c\" style=\"border-radius:0px;color:#dde05b;margin-top:var(--wp--preset--spacing--30);margin-right:0;margin-bottom:var(--wp--preset--spacing--30);margin-left:0\"><strong>Autan pientaloyhti\u00f6it\u00e4 <\/strong><strong>suunnittelemaan korjaukset  \u2013 aina taloyhti\u00f6nne etu edell\u00e4.<\/strong><\/p>\n\n\n\n<div class=\"wp-block-group has-global-padding is-layout-constrained wp-block-group-is-layout-constrained\">\n<div class=\"wp-block-group alignfull has-global-padding is-layout-constrained wp-container-core-group-is-layout-e1a69741 wp-block-group-is-layout-constrained\" style=\"border-style:none;border-width:0px;margin-top:0;margin-bottom:var(--wp--preset--spacing--50);padding-top:0;padding-right:var(--wp--preset--spacing--40);padding-bottom:var(--wp--preset--spacing--50);padding-left:var(--wp--preset--spacing--40)\">\n<div class=\"wp-block-columns alignwide is-layout-flex wp-container-core-columns-is-layout-75e4c4bb wp-block-columns-is-layout-flex\" style=\"margin-top:var(--wp--preset--spacing--40);margin-bottom:0\">\n<div class=\"wp-block-column has-border-color has-accent-6-border-color has-base-background-color has-background has-global-padding is-content-justification-center is-layout-constrained wp-container-core-column-is-layout-8d1bb66c wp-block-column-is-layout-constrained\" style=\"border-width:1px;border-radius:10px;padding-top:var(--wp--preset--spacing--40);padding-right:var(--wp--preset--spacing--40);padding-bottom:var(--wp--preset--spacing--50);padding-left:var(--wp--preset--spacing--40)\">\n<div class=\"wp-block-columns is-not-stacked-on-mobile is-layout-flex wp-container-core-columns-is-layout-81213e5a wp-block-columns-is-layout-flex\" style=\"margin-top:0;margin-bottom:0\">\n<div class=\"wp-block-column has-global-padding is-layout-constrained wp-block-column-is-layout-constrained\" style=\"flex-basis:100%\">\n<div class=\"wp-block-group has-text-color has-link-color wp-elements-dac05dcb85d46fa111d478573a0953da has-global-padding is-layout-constrained wp-block-group-is-layout-constrained\" style=\"color:#163253;line-height:0.4\">\n<h3 class=\"wp-block-heading has-large-font-size\" style=\"margin-bottom:var(--wp--preset--spacing--20)\"><strong>Tilanteen&nbsp;<\/strong><\/h3>\n\n\n\n<p style=\"margin-top:0;margin-right:0;margin-bottom:0;margin-left:0;padding-top:0;padding-right:0;padding-bottom:0;padding-left:0\"><strong>arviointi<\/strong><\/p>\n<\/div>\n\n\n\n<div class=\"wp-block-group has-global-padding is-layout-constrained wp-block-group-is-layout-constrained\">\n<div class=\"wp-block-group has-global-padding is-layout-constrained wp-block-group-is-layout-constrained\" style=\"line-height:0.2\">\n<p class=\"has-small-font-size\">Mit\u00e4 pit\u00e4\u00e4 tehd\u00e4,&nbsp;<\/p>\n\n\n\n<p class=\"has-small-font-size\" style=\"line-height:0\"><br>koska ja miten.<\/p>\n<\/div>\n<\/div>\n<\/div>\n<\/div>\n<\/div>\n\n\n\n<div class=\"wp-block-column has-border-color has-accent-6-border-color has-base-background-color has-background has-global-padding is-content-justification-center is-layout-constrained wp-container-core-column-is-layout-8d1bb66c wp-block-column-is-layout-constrained\" style=\"border-width:1px;border-radius:10px;padding-top:var(--wp--preset--spacing--40);padding-right:var(--wp--preset--spacing--40);padding-bottom:var(--wp--preset--spacing--50);padding-left:var(--wp--preset--spacing--40)\">\n<div class=\"wp-block-columns is-not-stacked-on-mobile is-layout-flex wp-container-core-columns-is-layout-81213e5a wp-block-columns-is-layout-flex\" style=\"margin-top:0;margin-bottom:0\">\n<div class=\"wp-block-column has-global-padding is-layout-constrained wp-block-column-is-layout-constrained\" style=\"flex-basis:100%\">\n<div class=\"wp-block-group has-text-color has-link-color wp-elements-d27e2ac7812c031aad21e7a6c5028622 has-global-padding is-layout-constrained wp-block-group-is-layout-constrained\" style=\"color:#163253;line-height:0.4\">\n<h3 class=\"wp-block-heading has-large-font-size\" style=\"margin-bottom:var(--wp--preset--spacing--20)\"><strong><strong>Suunnittelu ja kilpailutus<\/strong><\/strong><\/h3>\n<\/div>\n\n\n\n<div class=\"wp-block-group has-global-padding is-layout-constrained wp-block-group-is-layout-constrained\">\n<div class=\"wp-block-group has-global-padding is-layout-constrained wp-block-group-is-layout-constrained\" style=\"line-height:0.2\">\n<p class=\"has-small-font-size\">Oikeat tekij\u00e4t,&nbsp;<\/p>\n\n\n\n<p class=\"has-small-font-size\" style=\"line-height:0\">paras hinta.<\/p>\n<\/div>\n<\/div>\n<\/div>\n<\/div>\n<\/div>\n\n\n\n<div class=\"wp-block-column has-border-color has-accent-6-border-color has-base-background-color has-background has-global-padding is-content-justification-center is-layout-constrained wp-container-core-column-is-layout-8d1bb66c wp-block-column-is-layout-constrained\" style=\"border-width:1px;border-radius:10px;padding-top:var(--wp--preset--spacing--40);padding-right:var(--wp--preset--spacing--40);padding-bottom:var(--wp--preset--spacing--50);padding-left:var(--wp--preset--spacing--40)\">\n<div class=\"wp-block-columns is-not-stacked-on-mobile is-layout-flex wp-container-core-columns-is-layout-81213e5a wp-block-columns-is-layout-flex\" style=\"margin-top:0;margin-bottom:0\">\n<div class=\"wp-block-column has-global-padding is-layout-constrained wp-block-column-is-layout-constrained\" style=\"flex-basis:100%\">\n<div class=\"wp-block-group has-text-color has-link-color wp-elements-e67243ab0e076470900132bd93b83f83 has-global-padding is-layout-constrained wp-block-group-is-layout-constrained\" style=\"color:#163253;line-height:0.4\">\n<h3 class=\"wp-block-heading has-large-font-size\" style=\"margin-bottom:var(--wp--preset--spacing--20)\"><strong>Toteutus ja<br>valvonta<\/strong><\/h3>\n<\/div>\n\n\n\n<div class=\"wp-block-group has-global-padding is-layout-constrained wp-block-group-is-layout-constrained\">\n<div class=\"wp-block-group has-global-padding is-layout-constrained wp-block-group-is-layout-constrained\" style=\"line-height:0.2\">\n<p class=\"has-small-font-size\">Huolehdin, <\/p>\n\n\n\n<p class=\"has-small-font-size\">ett\u00e4 kaikki sujuu.<\/p>\n<\/div>\n<\/div>\n<\/div>\n<\/div>\n<\/div>\n<\/div>\n\n\n\n<div class=\"wp-block-columns is-layout-flex wp-container-core-columns-is-layout-28f84493 wp-block-columns-is-layout-flex\">\n<div class=\"wp-block-column is-layout-flow wp-block-column-is-layout-flow\">\n<blockquote class=\"wp-block-quote is-layout-flow wp-block-quote-is-layout-flow\">\n<p class=\"has-text-align-center is-style-default has-base-color has-text-color has-link-color has-medium-font-size wp-elements-142078da63c75742fa05cd620e2097e0\" style=\"padding-right:0;padding-left:0;font-style:normal;font-weight:300\"><strong>Tarjoan asiantuntemusta ja <\/strong><strong>ratkaisuja kaikissa&nbsp;<\/strong><br><strong>korjaushankkeissanne. <\/strong><strong>Niiss\u00e4 pienimmiss\u00e4kin.<\/strong><\/p>\n<\/blockquote>\n<\/div>\n<\/div>\n<\/div>\n<\/div>\n<\/div>\n\n\n\n<p>Yhteysteidot<\/p>\n\n\n\n<p>RKM Aaken Apu Oy<\/p>\n\n\n\n<p>Aake Per\u00e4l\u00e4<br>aake@aakenapu.fi<\/p>\n\n\n\n<p>+358 44 545 2307<\/p>\n<\/div>\n\n\n\n<p><\/p>\n","protected":false},"excerpt":{"rendered":"<p>Kanssani tied\u00e4t, ett\u00e4 asiat tehd\u00e4\u00e4n oikein. Autan pientaloyhti\u00f6it\u00e4 suunnittelemaan korjaukset \u2013 aina taloyhti\u00f6nne etu edell\u00e4. Tilanteen&nbsp; arviointi Mit\u00e4 pit\u00e4\u00e4 tehd\u00e4,&nbsp; koska ja miten. Suunnittelu ja kilpailutus Oikeat tekij\u00e4t,&nbsp; paras hinta. Toteutus javalvonta Huolehdin, ett\u00e4 kaikki sujuu. Tarjoan asiantuntemusta ja ratkaisuja kaikissa&nbsp;korjaushankkeissanne. Niiss\u00e4 pienimmiss\u00e4kin. Yhteysteidot RKM Aaken Apu Oy Aake Per\u00e4l\u00e4aake@aakenapu.fi +358 44 545 2307<\/p>\n","protected":false},"author":1,"featured_media":0,"parent":0,"menu_order":0,"comment_status":"closed","ping_status":"closed","template":"page-no-title","meta":{"footnotes":""},"class_list":["post-32","page","type-page","status-publish","hentry"],"_links":{"self":[{"href":"https:\/\/aakenapu.fi\/index.php\/wp-json\/wp\/v2\/pages\/32","targetHints":{"allow":["GET"]}}],"collection":[{"href":"https:\/\/aakenapu.fi\/index.php\/wp-json\/wp\/v2\/pages"}],"about":[{"href":"https:\/\/aakenapu.fi\/index.php\/wp-json\/wp\/v2\/types\/page"}],"author":[{"embeddable":true,"href":"https:\/\/aakenapu.fi\/index.php\/wp-json\/wp\/v2\/users\/1"}],"replies":[{"embeddable":true,"href":"https:\/\/aakenapu.fi\/index.php\/wp-json\/wp\/v2\/comments?post=32"}],"version-history":[{"count":28,"href":"https:\/\/aakenapu.fi\/index.php\/wp-json\/wp\/v2\/pages\/32\/revisions"}],"predecessor-version":[{"id":144,"href":"https:\/\/aakenapu.fi\/index.php\/wp-json\/wp\/v2\/pages\/32\/revisions\/144"}],"wp:attachment":[{"href":"https:\/\/aakenapu.fi\/index.php\/wp-json\/wp\/v2\/media?parent=32"}],"curies":[{"name":"wp","href":"https:\/\/api.w.org\/{rel}","templated":true}]}}